{"id":321,"date":"2025-10-01T16:06:02","date_gmt":"2025-10-01T14:06:02","guid":{"rendered":"https:\/\/soleynejoubert.com\/?page_id=321"},"modified":"2026-03-06T15:29:30","modified_gmt":"2026-03-06T14:29:30","slug":"qui-suis-je","status":"publish","type":"page","link":"https:\/\/soleynejoubert.com\/index.php\/qui-suis-je\/","title":{"rendered":"Qui suis-je ?"},"content":{"rendered":"\t\t<div data-elementor-type=\"wp-post\" data-elementor-id=\"321\" class=\"elementor elementor-321\" data-elementor-post-type=\"page\">\n\t\t\t\t<div class=\"elementor-element elementor-element-16abf38e e-flex e-con-boxed e-con e-parent\" data-id=\"16abf38e\" data-element_type=\"container\" data-e-type=\"container\" data-settings=\"{&quot;background_background&quot;:&quot;classic&quot;}\">\n\t\t\t\t\t<div class=\"e-con-inner\">\n\t\t\t\t<div class=\"elementor-element elementor-element-22ecb559 elementor-widget elementor-widget-heading\" data-id=\"22ecb559\" data-element_type=\"widget\" data-e-type=\"widget\" data-widget_type=\"heading.default\">\n\t\t\t\t\t<h6 class=\"elementor-heading-title elementor-size-default\">Bonjour tendresse<\/h6>\t\t\t\t<\/div>\n\t\t\t\t\t<\/div>\n\t\t\t\t<\/div>\n\t\t<div class=\"elementor-element elementor-element-3e0e72b e-flex e-con-boxed e-con e-parent\" data-id=\"3e0e72b\" data-element_type=\"container\" data-e-type=\"container\" data-settings=\"{&quot;background_background&quot;:&quot;classic&quot;}\">\n\t\t\t\t\t<div class=\"e-con-inner\">\n\t\t<div class=\"elementor-element elementor-element-19422b83 e-con-full e-flex e-con e-child\" data-id=\"19422b83\" data-element_type=\"container\" data-e-type=\"container\" data-settings=\"{&quot;background_background&quot;:&quot;classic&quot;}\">\n\t\t\t\t<div class=\"elementor-element elementor-element-61175e2d elementor-widget elementor-widget-heading\" data-id=\"61175e2d\" data-element_type=\"widget\" data-e-type=\"widget\" data-widget_type=\"heading.default\">\n\t\t\t\t\t<h2 class=\"elementor-heading-title elementor-size-default\">Qui suis-je ?<\/h2>\t\t\t\t<\/div>\n\t\t\t\t<div class=\"elementor-element elementor-element-fec4e52 elementor-widget__width-initial elementor-widget-mobile__width-inherit elementor-widget elementor-widget-text-editor\" data-id=\"fec4e52\" data-element_type=\"widget\" data-e-type=\"widget\" data-widget_type=\"text-editor.default\">\n\t\t\t\t\t\t\t\t\t<p>En quelques mots<\/p>\t\t\t\t\t\t\t\t<\/div>\n\t\t\t\t<div class=\"elementor-element elementor-element-37cb4deb elementor-widget elementor-widget-text-editor\" data-id=\"37cb4deb\" data-element_type=\"widget\" data-e-type=\"widget\" data-widget_type=\"text-editor.default\">\n\t\t\t\t\t\t\t\t\t<p>J&rsquo;ai toujours bien aim\u00e9 cet exercice : s&rsquo;observer un instant pour croquer notre pr\u00e9sence au monde. Se d\u00e9voiler par touches et donner \u00e0 voir de soi juste ce qu\u2019il faut.\u00a0<\/p><p>\u00a0<\/p><p>Et pour me raconter aujourd&rsquo;hui, je choisis de vous d\u00e9voiler une habitude que j&rsquo;ai depuis des ann\u00e9es et qui, \u00e0 elle seule, en dit long sur ma fa\u00e7on d&rsquo;appr\u00e9hender l&rsquo;\u00e9criture.<\/p><p>\u00a0<\/p><p>Chaque d\u00e9but d\u2019ann\u00e9e, je choisis avec soin un mot-guide qui m\u2019accompagnera tout au long des 365 jours \u00e0 vivre.<\/p><p>\u00a0<\/p><p>L\u2019ann\u00e9e derni\u00e8re j\u2019avais choisi <strong>TRAVERSER<\/strong>. Je me l\u2019\u00e9tais not\u00e9 en plusieurs langues et sous plusieurs formes. Celui qui me resta sur les l\u00e8vres fut la version italienne, la plus m\u00e9lodieuse qui soit : atravesamos. Je la murmurai comme une pri\u00e8re intime et en impr\u00e9gnai mon \u00e9criture et mon travail en freelance.<\/p><p>\u00a0<\/p><p>Cette ann\u00e9e j\u2019ai choisi le mot <strong>COURAGE<\/strong>.<\/p><p>\u00a0<\/p><p>Pour ce qu\u2019il dit des enjeux individuels et soci\u00e9taux. Mais aussi comme un rappel intime et personnel de se remettre en selle apr\u00e8s une p\u00e9riode d\u2019arr\u00eat, de se livrer \u00e0 nouveau, se soumettre \u00e0 la critique, aux regards exigeants. Le courage d&rsquo;\u00eatre enti\u00e8re et de ne pas chercher \u00e0 \u00e9crire pour d&rsquo;autres.<\/p>\t\t\t\t\t\t\t\t<\/div>\n\t\t\t\t<div class=\"elementor-element elementor-element-53f0da3 elementor-align-left elementor-widget elementor-widget-button\" data-id=\"53f0da3\" data-element_type=\"widget\" data-e-type=\"widget\" data-widget_type=\"button.default\">\n\t\t\t\t\t\t\t\t\t\t<a class=\"elementor-button elementor-button-link elementor-size-sm\" href=\"mailto:joubert.soleyne@gmail.com\" target=\"_blank\">\n\t\t\t\t\t\t<span class=\"elementor-button-content-wrapper\">\n\t\t\t\t\t\t<span class=\"elementor-button-icon\">\n\t\t\t\t<svg aria-hidden=\"true\" class=\"e-font-icon-svg e-far-envelope-open\" viewBox=\"0 0 512 512\" xmlns=\"http:\/\/www.w3.org\/2000\/svg\"><path d=\"M494.586 164.516c-4.697-3.883-111.723-89.95-135.251-108.657C337.231 38.191 299.437 0 256 0c-43.205 0-80.636 37.717-103.335 55.859-24.463 19.45-131.07 105.195-135.15 108.549A48.004 48.004 0 0 0 0 201.485V464c0 26.51 21.49 48 48 48h416c26.51 0 48-21.49 48-48V201.509a48 48 0 0 0-17.414-36.993zM464 458a6 6 0 0 1-6 6H54a6 6 0 0 1-6-6V204.347c0-1.813.816-3.526 2.226-4.665 15.87-12.814 108.793-87.554 132.364-106.293C200.755 78.88 232.398 48 256 48c23.693 0 55.857 31.369 73.41 45.389 23.573 18.741 116.503 93.493 132.366 106.316a5.99 5.99 0 0 1 2.224 4.663V458zm-31.991-187.704c4.249 5.159 3.465 12.795-1.745 16.981-28.975 23.283-59.274 47.597-70.929 56.863C336.636 362.283 299.205 400 256 400c-43.452 0-81.287-38.237-103.335-55.86-11.279-8.967-41.744-33.413-70.927-56.865-5.21-4.187-5.993-11.822-1.745-16.981l15.258-18.528c4.178-5.073 11.657-5.843 16.779-1.726 28.618 23.001 58.566 47.035 70.56 56.571C200.143 320.631 232.307 352 256 352c23.602 0 55.246-30.88 73.41-45.389 11.994-9.535 41.944-33.57 70.563-56.568 5.122-4.116 12.601-3.346 16.778 1.727l15.258 18.526z\"><\/path><\/svg>\t\t\t<\/span>\n\t\t\t\t\t\t\t\t\t<span class=\"elementor-button-text\">CONTACT<\/span>\n\t\t\t\t\t<\/span>\n\t\t\t\t\t<\/a>\n\t\t\t\t\t\t\t\t<\/div>\n\t\t\t\t<\/div>\n\t\t\t\t<div class=\"elementor-element elementor-element-46a8ba40 elementor-widget__width-initial elementor-widget-tablet__width-inherit elementor-widget-mobile__width-auto elementor-widget elementor-widget-image\" data-id=\"46a8ba40\" data-element_type=\"widget\" data-e-type=\"widget\" data-widget_type=\"image.default\">\n\t\t\t\t\t\t\t\t\t\t\t\t\t\t\t<img fetchpriority=\"high\" decoding=\"async\" width=\"1365\" height=\"2048\" src=\"https:\/\/soleynejoubert.com\/wp-content\/uploads\/2025\/09\/Shooting_Soleyne-40-1365x2048.jpg\" class=\"attachment-2048x2048 size-2048x2048 wp-image-157\" alt=\"Shooting soleyne 40\" srcset=\"https:\/\/soleynejoubert.com\/wp-content\/uploads\/2025\/09\/Shooting_Soleyne-40-1365x2048.jpg 1365w, https:\/\/soleynejoubert.com\/wp-content\/uploads\/2025\/09\/Shooting_Soleyne-40-200x300.jpg 200w, https:\/\/soleynejoubert.com\/wp-content\/uploads\/2025\/09\/Shooting_Soleyne-40-683x1024.jpg 683w, https:\/\/soleynejoubert.com\/wp-content\/uploads\/2025\/09\/Shooting_Soleyne-40-768x1152.jpg 768w, https:\/\/soleynejoubert.com\/wp-content\/uploads\/2025\/09\/Shooting_Soleyne-40-1024x1536.jpg 1024w, https:\/\/soleynejoubert.com\/wp-content\/uploads\/2025\/09\/Shooting_Soleyne-40-scaled.jpg 1707w\" sizes=\"(max-width: 1365px) 100vw, 1365px\" \/>\t\t\t\t\t\t\t\t\t\t\t\t\t\t\t<\/div>\n\t\t\t\t\t<\/div>\n\t\t\t\t<\/div>\n\t\t<div class=\"elementor-element elementor-element-5fe2b62 e-flex e-con-boxed e-con e-parent\" data-id=\"5fe2b62\" data-element_type=\"container\" data-e-type=\"container\">\n\t\t\t\t\t<div class=\"e-con-inner\">\n\t\t<div class=\"elementor-element elementor-element-e295180 e-con-full e-flex e-con e-child\" data-id=\"e295180\" data-element_type=\"container\" data-e-type=\"container\">\n\t\t\t\t<div class=\"elementor-element elementor-element-43332f5 elementor-widget elementor-widget-spacer\" data-id=\"43332f5\" data-element_type=\"widget\" data-e-type=\"widget\" data-widget_type=\"spacer.default\">\n\t\t\t\t\t\t\t<div class=\"elementor-spacer\">\n\t\t\t<div class=\"elementor-spacer-inner\"><\/div>\n\t\t<\/div>\n\t\t\t\t\t\t<\/div>\n\t\t\t\t<\/div>\n\t\t\t\t\t<\/div>\n\t\t\t\t<\/div>\n\t\t<div class=\"elementor-element elementor-element-142a53af e-flex e-con-boxed e-con e-parent\" data-id=\"142a53af\" data-element_type=\"container\" data-e-type=\"container\" data-settings=\"{&quot;background_background&quot;:&quot;classic&quot;}\">\n\t\t\t\t\t<div class=\"e-con-inner\">\n\t\t\t\t<div class=\"elementor-element elementor-element-66605699 elementor-widget elementor-widget-heading\" data-id=\"66605699\" data-element_type=\"widget\" data-e-type=\"widget\" data-widget_type=\"heading.default\">\n\t\t\t\t\t<h6 class=\"elementor-heading-title elementor-size-default\">la prochaine \u00e9tape<\/h6>\t\t\t\t<\/div>\n\t\t\t\t<div class=\"elementor-element elementor-element-6ba82637 elementor-widget elementor-widget-heading\" data-id=\"6ba82637\" data-element_type=\"widget\" data-e-type=\"widget\" data-widget_type=\"heading.default\">\n\t\t\t\t\t<h1 class=\"elementor-heading-title elementor-size-default\">Vous souhaitez en savoir plus sur mon travail ?<\/h1>\t\t\t\t<\/div>\n\t\t\t\t<div class=\"elementor-element elementor-element-3359d66 elementor-widget elementor-widget-heading\" data-id=\"3359d66\" data-element_type=\"widget\" data-e-type=\"widget\" data-widget_type=\"heading.default\">\n\t\t\t\t\t<h5 class=\"elementor-heading-title elementor-size-default\">Consultez mon portfolio<\/h5>\t\t\t\t<\/div>\n\t\t\t\t\t<\/div>\n\t\t\t\t<\/div>\n\t\t<div class=\"elementor-element elementor-element-59efd89 e-grid e-con-boxed e-con e-parent\" data-id=\"59efd89\" data-element_type=\"container\" data-e-type=\"container\" data-settings=\"{&quot;background_background&quot;:&quot;classic&quot;}\">\n\t\t\t\t\t<div class=\"e-con-inner\">\n\t\t\t\t<div class=\"elementor-element elementor-element-d155ce0 elementor-widget elementor-widget-button\" data-id=\"d155ce0\" data-element_type=\"widget\" data-e-type=\"widget\" data-widget_type=\"button.default\">\n\t\t\t\t\t\t\t\t\t\t<a class=\"elementor-button elementor-button-link elementor-size-sm\" href=\"https:\/\/soleynejoubert.com\/index.php\/soleyne-joubert-ecrivaine-francaise-romans-feminins\/\">\n\t\t\t\t\t\t<span class=\"elementor-button-content-wrapper\">\n\t\t\t\t\t\t\t\t\t<span class=\"elementor-button-text\">Romans publi\u00e9s<\/span>\n\t\t\t\t\t<\/span>\n\t\t\t\t\t<\/a>\n\t\t\t\t\t\t\t\t<\/div>\n\t\t\t\t<div class=\"elementor-element elementor-element-4e594c3 elementor-widget elementor-widget-button\" data-id=\"4e594c3\" data-element_type=\"widget\" data-e-type=\"widget\" data-widget_type=\"button.default\">\n\t\t\t\t\t\t\t\t\t\t<a class=\"elementor-button elementor-button-link elementor-size-sm\" href=\"https:\/\/soleynejoubert.com\/index.php\/blog-litteraire\/\">\n\t\t\t\t\t\t<span class=\"elementor-button-content-wrapper\">\n\t\t\t\t\t\t\t\t\t<span class=\"elementor-button-text\">Blog litt\u00e9raire<\/span>\n\t\t\t\t\t<\/span>\n\t\t\t\t\t<\/a>\n\t\t\t\t\t\t\t\t<\/div>\n\t\t\t\t<div class=\"elementor-element elementor-element-2c8a4fc elementor-widget elementor-widget-button\" data-id=\"2c8a4fc\" data-element_type=\"widget\" data-e-type=\"widget\" data-widget_type=\"button.default\">\n\t\t\t\t\t\t\t\t\t\t<a class=\"elementor-button elementor-button-link elementor-size-sm\" href=\"https:\/\/soleynejoubert.com\/index.php\/freelance-communication\/\">\n\t\t\t\t\t\t<span class=\"elementor-button-content-wrapper\">\n\t\t\t\t\t\t\t\t\t<span class=\"elementor-button-text\">Comm digitale<\/span>\n\t\t\t\t\t<\/span>\n\t\t\t\t\t<\/a>\n\t\t\t\t\t\t\t\t<\/div>\n\t\t\t\t\t<\/div>\n\t\t\t\t<\/div>\n\t\t<div class=\"elementor-element elementor-element-b852ca1 e-flex e-con-boxed e-con e-parent\" data-id=\"b852ca1\" data-element_type=\"container\" data-e-type=\"container\">\n\t\t\t\t\t<div class=\"e-con-inner\">\n\t\t\t\t<div class=\"elementor-element elementor-element-f701d0e elementor-widget elementor-widget-spacer\" data-id=\"f701d0e\" data-element_type=\"widget\" data-e-type=\"widget\" data-widget_type=\"spacer.default\">\n\t\t\t\t\t\t\t<div class=\"elementor-spacer\">\n\t\t\t<div class=\"elementor-spacer-inner\"><\/div>\n\t\t<\/div>\n\t\t\t\t\t\t<\/div>\n\t\t\t\t\t<\/div>\n\t\t\t\t<\/div>\n\t\t<div class=\"elementor-element elementor-element-23df49b e-flex e-con-boxed e-con e-parent\" data-id=\"23df49b\" data-element_type=\"container\" data-e-type=\"container\">\n\t\t\t\t\t<div class=\"e-con-inner\">\n\t\t\t\t<div class=\"elementor-element elementor-element-d39fa87 elementor-widget elementor-widget-text-editor\" data-id=\"d39fa87\" data-element_type=\"widget\" data-e-type=\"widget\" data-widget_type=\"text-editor.default\">\n\t\t\t\t\t\t\t\t\t<p>Merci de m\u2019avoir lue.\u00a0<\/p><p>Retrouvez mes mots aussi sur Instagram<\/p><p><a href=\"https:\/\/www.instagram.com\/carnet_du_sensible\/\">@carnet_du_sensible<\/a> et\u00a0<a style=\"letter-spacing: 0px; word-spacing: 0em; background-color: #ffffff;\" href=\"https:\/\/www.instagram.com\/soleyne_ecrit\/\" target=\"_blank\" rel=\"noopener\">@soleyne_ecrit<\/a><\/p>\t\t\t\t\t\t\t\t<\/div>\n\t\t\t\t<div class=\"elementor-element elementor-element-1e95a5f elementor-widget elementor-widget-spacer\" data-id=\"1e95a5f\" data-element_type=\"widget\" data-e-type=\"widget\" data-widget_type=\"spacer.default\">\n\t\t\t\t\t\t\t<div class=\"elementor-spacer\">\n\t\t\t<div class=\"elementor-spacer-inner\"><\/div>\n\t\t<\/div>\n\t\t\t\t\t\t<\/div>\n\t\t\t\t\t<\/div>\n\t\t\t\t<\/div>\n\t\t\t\t<\/div>\n\t\t","protected":false},"excerpt":{"rendered":"<p>Bonjour tendresse Qui suis-je ? En quelques mots J&rsquo;ai toujours bien aim\u00e9 cet exercice : s&rsquo;observer un instant pour croquer notre pr\u00e9sence au monde. Se d\u00e9voiler par touches et donner \u00e0 voir de soi juste ce qu\u2019il faut.\u00a0 \u00a0 Et pour me raconter aujourd&rsquo;hui, je choisis de vous d\u00e9voiler une habitude que j&rsquo;ai depuis des [&hellip;]<\/p>\n","protected":false},"author":1,"featured_media":214,"parent":0,"menu_order":0,"comment_status":"closed","ping_status":"closed","template":"","meta":{"footnotes":""},"class_list":["post-321","page","type-page","status-publish","has-post-thumbnail","hentry"],"yoast_head":"<!-- This site is optimized with the Yoast SEO plugin v27.4 - https:\/\/yoast.com\/product\/yoast-seo-wordpress\/ -->\n<title>Qui suis-je ? \u00c9crivaine et consultante en communication - Soleyne Joubert<\/title>\n<meta name=\"description\" content=\"\u00c9crivaine et consultante en communication, je cr\u00e9e et d\u00e9ploie des projets \u00e9ditoriaux et de communication pour des marques et des artistes\" \/>\n<meta name=\"robots\" content=\"index, follow, max-snippet:-1, max-image-preview:large, max-video-preview:-1\" \/>\n<link rel=\"canonical\" href=\"https:\/\/soleynejoubert.com\/index.php\/qui-suis-je\/\" \/>\n<meta property=\"og:locale\" content=\"fr_FR\" \/>\n<meta property=\"og:type\" content=\"article\" \/>\n<meta property=\"og:title\" content=\"Qui suis-je ? \u00c9crivaine et consultante en communication - Soleyne Joubert\" \/>\n<meta property=\"og:description\" content=\"\u00c9crivaine et consultante en communication, je cr\u00e9e et d\u00e9ploie des projets \u00e9ditoriaux et de communication pour des marques et des artistes\" \/>\n<meta property=\"og:url\" content=\"https:\/\/soleynejoubert.com\/index.php\/qui-suis-je\/\" \/>\n<meta property=\"og:site_name\" content=\"Soleyne Joubert\" \/>\n<meta property=\"article:modified_time\" content=\"2026-03-06T14:29:30+00:00\" \/>\n<meta property=\"og:image\" content=\"https:\/\/soleynejoubert.com\/wp-content\/uploads\/2025\/09\/5.jpg\" \/>\n\t<meta property=\"og:image:width\" content=\"940\" \/>\n\t<meta property=\"og:image:height\" content=\"788\" \/>\n\t<meta property=\"og:image:type\" content=\"image\/jpeg\" \/>\n<meta name=\"twitter:card\" content=\"summary_large_image\" \/>\n<meta name=\"twitter:label1\" content=\"Dur\u00e9e de lecture estim\u00e9e\" \/>\n\t<meta name=\"twitter:data1\" content=\"2 minutes\" \/>\n<script type=\"application\/ld+json\" class=\"yoast-schema-graph\">{\"@context\":\"https:\\\/\\\/schema.org\",\"@graph\":[{\"@type\":\"WebPage\",\"@id\":\"https:\\\/\\\/soleynejoubert.com\\\/index.php\\\/qui-suis-je\\\/\",\"url\":\"https:\\\/\\\/soleynejoubert.com\\\/index.php\\\/qui-suis-je\\\/\",\"name\":\"Qui suis-je ? \u00c9crivaine et consultante en communication - Soleyne Joubert\",\"isPartOf\":{\"@id\":\"https:\\\/\\\/soleynejoubert.com\\\/#website\"},\"primaryImageOfPage\":{\"@id\":\"https:\\\/\\\/soleynejoubert.com\\\/index.php\\\/qui-suis-je\\\/#primaryimage\"},\"image\":{\"@id\":\"https:\\\/\\\/soleynejoubert.com\\\/index.php\\\/qui-suis-je\\\/#primaryimage\"},\"thumbnailUrl\":\"https:\\\/\\\/soleynejoubert.com\\\/wp-content\\\/uploads\\\/2025\\\/09\\\/5.jpg\",\"datePublished\":\"2025-10-01T14:06:02+00:00\",\"dateModified\":\"2026-03-06T14:29:30+00:00\",\"description\":\"\u00c9crivaine et consultante en communication, je cr\u00e9e et d\u00e9ploie des projets \u00e9ditoriaux et de communication pour des marques et des artistes\",\"breadcrumb\":{\"@id\":\"https:\\\/\\\/soleynejoubert.com\\\/index.php\\\/qui-suis-je\\\/#breadcrumb\"},\"inLanguage\":\"fr-FR\",\"potentialAction\":[{\"@type\":\"ReadAction\",\"target\":[\"https:\\\/\\\/soleynejoubert.com\\\/index.php\\\/qui-suis-je\\\/\"]}]},{\"@type\":\"ImageObject\",\"inLanguage\":\"fr-FR\",\"@id\":\"https:\\\/\\\/soleynejoubert.com\\\/index.php\\\/qui-suis-je\\\/#primaryimage\",\"url\":\"https:\\\/\\\/soleynejoubert.com\\\/wp-content\\\/uploads\\\/2025\\\/09\\\/5.jpg\",\"contentUrl\":\"https:\\\/\\\/soleynejoubert.com\\\/wp-content\\\/uploads\\\/2025\\\/09\\\/5.jpg\",\"width\":940,\"height\":788,\"caption\":\"femme qui travaille sur un cahier et un ordinateur\"},{\"@type\":\"BreadcrumbList\",\"@id\":\"https:\\\/\\\/soleynejoubert.com\\\/index.php\\\/qui-suis-je\\\/#breadcrumb\",\"itemListElement\":[{\"@type\":\"ListItem\",\"position\":1,\"name\":\"Accueil\",\"item\":\"https:\\\/\\\/soleynejoubert.com\\\/\"},{\"@type\":\"ListItem\",\"position\":2,\"name\":\"Qui suis-je ?\"}]},{\"@type\":\"WebSite\",\"@id\":\"https:\\\/\\\/soleynejoubert.com\\\/#website\",\"url\":\"https:\\\/\\\/soleynejoubert.com\\\/\",\"name\":\"Soleyne Joubert\",\"description\":\"Bienvenue sur mon espace cr\u00e9atif\",\"publisher\":{\"@id\":\"https:\\\/\\\/soleynejoubert.com\\\/#\\\/schema\\\/person\\\/9320e1728c8f927a3616aa122b2a2216\"},\"potentialAction\":[{\"@type\":\"SearchAction\",\"target\":{\"@type\":\"EntryPoint\",\"urlTemplate\":\"https:\\\/\\\/soleynejoubert.com\\\/?s={search_term_string}\"},\"query-input\":{\"@type\":\"PropertyValueSpecification\",\"valueRequired\":true,\"valueName\":\"search_term_string\"}}],\"inLanguage\":\"fr-FR\"},{\"@type\":[\"Person\",\"Organization\"],\"@id\":\"https:\\\/\\\/soleynejoubert.com\\\/#\\\/schema\\\/person\\\/9320e1728c8f927a3616aa122b2a2216\",\"name\":\"Soleyne\",\"image\":{\"@type\":\"ImageObject\",\"inLanguage\":\"fr-FR\",\"@id\":\"https:\\\/\\\/soleynejoubert.com\\\/wp-content\\\/uploads\\\/2025\\\/09\\\/Soleyne-Joubert-Black-1.png\",\"url\":\"https:\\\/\\\/soleynejoubert.com\\\/wp-content\\\/uploads\\\/2025\\\/09\\\/Soleyne-Joubert-Black-1.png\",\"contentUrl\":\"https:\\\/\\\/soleynejoubert.com\\\/wp-content\\\/uploads\\\/2025\\\/09\\\/Soleyne-Joubert-Black-1.png\",\"width\":2315,\"height\":1043,\"caption\":\"Soleyne\"},\"logo\":{\"@id\":\"https:\\\/\\\/soleynejoubert.com\\\/wp-content\\\/uploads\\\/2025\\\/09\\\/Soleyne-Joubert-Black-1.png\"},\"sameAs\":[\"http:\\\/\\\/soleynejoubert.com\",\"https:\\\/\\\/www.instagram.com\\\/soleyne_ecrit\\\/\",\"www.linkedin.com\\\/in\\\/soleyne\"]}]}<\/script>\n<!-- \/ Yoast SEO plugin. -->","yoast_head_json":{"title":"Qui suis-je ? \u00c9crivaine et consultante en communication - Soleyne Joubert","description":"\u00c9crivaine et consultante en communication, je cr\u00e9e et d\u00e9ploie des projets \u00e9ditoriaux et de communication pour des marques et des artistes","robots":{"index":"index","follow":"follow","max-snippet":"max-snippet:-1","max-image-preview":"max-image-preview:large","max-video-preview":"max-video-preview:-1"},"canonical":"https:\/\/soleynejoubert.com\/index.php\/qui-suis-je\/","og_locale":"fr_FR","og_type":"article","og_title":"Qui suis-je ? \u00c9crivaine et consultante en communication - Soleyne Joubert","og_description":"\u00c9crivaine et consultante en communication, je cr\u00e9e et d\u00e9ploie des projets \u00e9ditoriaux et de communication pour des marques et des artistes","og_url":"https:\/\/soleynejoubert.com\/index.php\/qui-suis-je\/","og_site_name":"Soleyne Joubert","article_modified_time":"2026-03-06T14:29:30+00:00","og_image":[{"width":940,"height":788,"url":"https:\/\/soleynejoubert.com\/wp-content\/uploads\/2025\/09\/5.jpg","type":"image\/jpeg"}],"twitter_card":"summary_large_image","twitter_misc":{"Dur\u00e9e de lecture estim\u00e9e":"2 minutes"},"schema":{"@context":"https:\/\/schema.org","@graph":[{"@type":"WebPage","@id":"https:\/\/soleynejoubert.com\/index.php\/qui-suis-je\/","url":"https:\/\/soleynejoubert.com\/index.php\/qui-suis-je\/","name":"Qui suis-je ? \u00c9crivaine et consultante en communication - Soleyne Joubert","isPartOf":{"@id":"https:\/\/soleynejoubert.com\/#website"},"primaryImageOfPage":{"@id":"https:\/\/soleynejoubert.com\/index.php\/qui-suis-je\/#primaryimage"},"image":{"@id":"https:\/\/soleynejoubert.com\/index.php\/qui-suis-je\/#primaryimage"},"thumbnailUrl":"https:\/\/soleynejoubert.com\/wp-content\/uploads\/2025\/09\/5.jpg","datePublished":"2025-10-01T14:06:02+00:00","dateModified":"2026-03-06T14:29:30+00:00","description":"\u00c9crivaine et consultante en communication, je cr\u00e9e et d\u00e9ploie des projets \u00e9ditoriaux et de communication pour des marques et des artistes","breadcrumb":{"@id":"https:\/\/soleynejoubert.com\/index.php\/qui-suis-je\/#breadcrumb"},"inLanguage":"fr-FR","potentialAction":[{"@type":"ReadAction","target":["https:\/\/soleynejoubert.com\/index.php\/qui-suis-je\/"]}]},{"@type":"ImageObject","inLanguage":"fr-FR","@id":"https:\/\/soleynejoubert.com\/index.php\/qui-suis-je\/#primaryimage","url":"https:\/\/soleynejoubert.com\/wp-content\/uploads\/2025\/09\/5.jpg","contentUrl":"https:\/\/soleynejoubert.com\/wp-content\/uploads\/2025\/09\/5.jpg","width":940,"height":788,"caption":"femme qui travaille sur un cahier et un ordinateur"},{"@type":"BreadcrumbList","@id":"https:\/\/soleynejoubert.com\/index.php\/qui-suis-je\/#breadcrumb","itemListElement":[{"@type":"ListItem","position":1,"name":"Accueil","item":"https:\/\/soleynejoubert.com\/"},{"@type":"ListItem","position":2,"name":"Qui suis-je ?"}]},{"@type":"WebSite","@id":"https:\/\/soleynejoubert.com\/#website","url":"https:\/\/soleynejoubert.com\/","name":"Soleyne Joubert","description":"Bienvenue sur mon espace cr\u00e9atif","publisher":{"@id":"https:\/\/soleynejoubert.com\/#\/schema\/person\/9320e1728c8f927a3616aa122b2a2216"},"potentialAction":[{"@type":"SearchAction","target":{"@type":"EntryPoint","urlTemplate":"https:\/\/soleynejoubert.com\/?s={search_term_string}"},"query-input":{"@type":"PropertyValueSpecification","valueRequired":true,"valueName":"search_term_string"}}],"inLanguage":"fr-FR"},{"@type":["Person","Organization"],"@id":"https:\/\/soleynejoubert.com\/#\/schema\/person\/9320e1728c8f927a3616aa122b2a2216","name":"Soleyne","image":{"@type":"ImageObject","inLanguage":"fr-FR","@id":"https:\/\/soleynejoubert.com\/wp-content\/uploads\/2025\/09\/Soleyne-Joubert-Black-1.png","url":"https:\/\/soleynejoubert.com\/wp-content\/uploads\/2025\/09\/Soleyne-Joubert-Black-1.png","contentUrl":"https:\/\/soleynejoubert.com\/wp-content\/uploads\/2025\/09\/Soleyne-Joubert-Black-1.png","width":2315,"height":1043,"caption":"Soleyne"},"logo":{"@id":"https:\/\/soleynejoubert.com\/wp-content\/uploads\/2025\/09\/Soleyne-Joubert-Black-1.png"},"sameAs":["http:\/\/soleynejoubert.com","https:\/\/www.instagram.com\/soleyne_ecrit\/","www.linkedin.com\/in\/soleyne"]}]}},"_links":{"self":[{"href":"https:\/\/soleynejoubert.com\/index.php\/wp-json\/wp\/v2\/pages\/321","targetHints":{"allow":["GET"]}}],"collection":[{"href":"https:\/\/soleynejoubert.com\/index.php\/wp-json\/wp\/v2\/pages"}],"about":[{"href":"https:\/\/soleynejoubert.com\/index.php\/wp-json\/wp\/v2\/types\/page"}],"author":[{"embeddable":true,"href":"https:\/\/soleynejoubert.com\/index.php\/wp-json\/wp\/v2\/users\/1"}],"replies":[{"embeddable":true,"href":"https:\/\/soleynejoubert.com\/index.php\/wp-json\/wp\/v2\/comments?post=321"}],"version-history":[{"count":43,"href":"https:\/\/soleynejoubert.com\/index.php\/wp-json\/wp\/v2\/pages\/321\/revisions"}],"predecessor-version":[{"id":1259,"href":"https:\/\/soleynejoubert.com\/index.php\/wp-json\/wp\/v2\/pages\/321\/revisions\/1259"}],"wp:featuredmedia":[{"embeddable":true,"href":"https:\/\/soleynejoubert.com\/index.php\/wp-json\/wp\/v2\/media\/214"}],"wp:attachment":[{"href":"https:\/\/soleynejoubert.com\/index.php\/wp-json\/wp\/v2\/media?parent=321"}],"curies":[{"name":"wp","href":"https:\/\/api.w.org\/{rel}","templated":true}]}}